{"id":292,"date":"2020-04-01T11:12:17","date_gmt":"2020-04-01T11:12:17","guid":{"rendered":"http:\/\/alvesdossantos.net\/?post_type=product&#038;p=292"},"modified":"2022-02-23T15:27:03","modified_gmt":"2022-02-23T15:27:03","slug":"fragmentos-do-quotidiano","status":"publish","type":"product","link":"https:\/\/alvesdossantos.net\/it\/produto\/fragmentos-do-quotidiano\/","title":{"rendered":"Fragmentos do Quotidiano"},"content":{"rendered":"","protected":false},"excerpt":{"rendered":"<p>Fragmentos do Quotidiano \u00e9 uma obra po\u00e9tica que agarra no nosso quotidiano contempor\u00e2neo, frequentemente trivial, fren\u00e9tico, inconsequente, desconexo, e atrav\u00e9s das palavras po\u00e9ticas e inspiradoras de Alves dos Santos, que nos transformam em viajantes dos terrenos desconhecidos da g\u00e9nese humana e nos for\u00e7am a confrontarmo-nos com os nossos medos e a irrompermos alma adentro para desvendarmos as nossas mais profundas verdades e os nossos segredos mais bem guardados, ganha uma outra dimens\u00e3o onde a pr\u00f3pria exist\u00eancia n\u00e3o \u00e9 mais question\u00e1vel e a nossa presen\u00e7a hoje, aqui, agora, \u00e9 imprescind\u00edvel no nosso percurso para alcan\u00e7armos a nossa realiza\u00e7\u00e3o plena, que apenas atrav\u00e9s dos mais genu\u00ednos e aut\u00eanticos Sentimentos se pode consubstanciar.<\/p>\n","protected":false},"featured_media":293,"comment_status":"closed","ping_status":"closed","template":"","meta":[],"yoast_head":"<!-- This site is optimized with the Yoast SEO plugin v17.8 - https:\/\/yoast.com\/wordpress\/plugins\/seo\/ -->\n<title>Fragmentos do Quotidiano - Alves dos Santos<\/title>\n<meta name=\"robots\" content=\"index, follow, max-snippet:-1, max-image-preview:large, max-video-preview:-1\" \/>\n<link rel=\"canonical\" href=\"https:\/\/alvesdossantos.net\/produto\/fragmentos-do-quotidiano\/\" \/>\n<meta property=\"og:locale\" content=\"it_IT\" \/>\n<meta property=\"og:type\" content=\"article\" \/>\n<meta property=\"og:title\" content=\"Fragmentos do Quotidiano - Alves dos Santos\" \/>\n<meta property=\"og:description\" content=\"Fragmentos do Quotidiano \u00e9 uma obra po\u00e9tica que agarra no nosso quotidiano contempor\u00e2neo, frequentemente trivial, fren\u00e9tico, inconsequente, desconexo, e atrav\u00e9s das palavras po\u00e9ticas e inspiradoras de Alves dos Santos, que nos transformam em viajantes dos terrenos desconhecidos da g\u00e9nese humana e nos for\u00e7am a confrontarmo-nos com os nossos medos e a irrompermos alma adentro para desvendarmos as nossas mais profundas verdades e os nossos segredos mais bem guardados, ganha uma outra dimens\u00e3o onde a pr\u00f3pria exist\u00eancia n\u00e3o \u00e9 mais question\u00e1vel e a nossa presen\u00e7a hoje, aqui, agora, \u00e9 imprescind\u00edvel no nosso percurso para alcan\u00e7armos a nossa realiza\u00e7\u00e3o plena, que apenas atrav\u00e9s dos mais genu\u00ednos e aut\u00eanticos Sentimentos se pode consubstanciar.\" \/>\n<meta property=\"og:url\" content=\"https:\/\/alvesdossantos.net\/produto\/fragmentos-do-quotidiano\/\" \/>\n<meta property=\"og:site_name\" content=\"Alves dos Santos\" \/>\n<meta property=\"article:publisher\" content=\"https:\/\/www.facebook.com\/PoesiaDoQuotidiano\/\" \/>\n<meta property=\"article:modified_time\" content=\"2022-02-23T15:27:03+00:00\" \/>\n<meta property=\"og:image\" content=\"https:\/\/alvesdossantos.net\/wp-content\/uploads\/2020\/04\/livros_escritoralvesdossantos_5.jpg\" \/>\n\t<meta property=\"og:image:width\" content=\"350\" \/>\n\t<meta property=\"og:image:height\" content=\"540\" \/>\n<meta name=\"twitter:card\" content=\"summary_large_image\" \/>\n<script type=\"application\/ld+json\" class=\"yoast-schema-graph\">{\"@context\":\"https:\/\/schema.org\",\"@graph\":[{\"@type\":\"WebSite\",\"@id\":\"https:\/\/alvesdossantos.net\/#website\",\"url\":\"https:\/\/alvesdossantos.net\/\",\"name\":\"Alves dos Santos\",\"description\":\"Escritor\",\"potentialAction\":[{\"@type\":\"SearchAction\",\"target\":{\"@type\":\"EntryPoint\",\"urlTemplate\":\"https:\/\/alvesdossantos.net\/?s={search_term_string}\"},\"query-input\":\"required name=search_term_string\"}],\"inLanguage\":\"it-IT\"},{\"@type\":\"ImageObject\",\"@id\":\"https:\/\/alvesdossantos.net\/produto\/fragmentos-do-quotidiano\/#primaryimage\",\"inLanguage\":\"it-IT\",\"url\":\"https:\/\/alvesdossantos.net\/wp-content\/uploads\/2020\/04\/livros_escritoralvesdossantos_5.jpg\",\"contentUrl\":\"https:\/\/alvesdossantos.net\/wp-content\/uploads\/2020\/04\/livros_escritoralvesdossantos_5.jpg\",\"width\":350,\"height\":540},{\"@type\":\"WebPage\",\"@id\":\"https:\/\/alvesdossantos.net\/produto\/fragmentos-do-quotidiano\/#webpage\",\"url\":\"https:\/\/alvesdossantos.net\/produto\/fragmentos-do-quotidiano\/\",\"name\":\"Fragmentos do Quotidiano - Alves dos Santos\",\"isPartOf\":{\"@id\":\"https:\/\/alvesdossantos.net\/#website\"},\"primaryImageOfPage\":{\"@id\":\"https:\/\/alvesdossantos.net\/produto\/fragmentos-do-quotidiano\/#primaryimage\"},\"datePublished\":\"2020-04-01T11:12:17+00:00\",\"dateModified\":\"2022-02-23T15:27:03+00:00\",\"breadcrumb\":{\"@id\":\"https:\/\/alvesdossantos.net\/produto\/fragmentos-do-quotidiano\/#breadcrumb\"},\"inLanguage\":\"it-IT\",\"potentialAction\":[{\"@type\":\"ReadAction\",\"target\":[\"https:\/\/alvesdossantos.net\/produto\/fragmentos-do-quotidiano\/\"]}]},{\"@type\":\"BreadcrumbList\",\"@id\":\"https:\/\/alvesdossantos.net\/produto\/fragmentos-do-quotidiano\/#breadcrumb\",\"itemListElement\":[{\"@type\":\"ListItem\",\"position\":1,\"name\":\"In\\u00edcio\",\"item\":\"https:\/\/alvesdossantos.net\/\"},{\"@type\":\"ListItem\",\"position\":2,\"name\":\"Negozio\",\"item\":\"https:\/\/alvesdossantos.net\/it\/negozio\/\"},{\"@type\":\"ListItem\",\"position\":3,\"name\":\"Fragmentos do Quotidiano\"}]}]}<\/script>\n<!-- \/ Yoast SEO plugin. -->","yoast_head_json":{"title":"Fragmentos do Quotidiano - Alves dos Santos","robots":{"index":"index","follow":"follow","max-snippet":"max-snippet:-1","max-image-preview":"max-image-preview:large","max-video-preview":"max-video-preview:-1"},"canonical":"https:\/\/alvesdossantos.net\/produto\/fragmentos-do-quotidiano\/","og_locale":"it_IT","og_type":"article","og_title":"Fragmentos do Quotidiano - Alves dos Santos","og_description":"Fragmentos do Quotidiano \u00e9 uma obra po\u00e9tica que agarra no nosso quotidiano contempor\u00e2neo, frequentemente trivial, fren\u00e9tico, inconsequente, desconexo, e atrav\u00e9s das palavras po\u00e9ticas e inspiradoras de Alves dos Santos, que nos transformam em viajantes dos terrenos desconhecidos da g\u00e9nese humana e nos for\u00e7am a confrontarmo-nos com os nossos medos e a irrompermos alma adentro para desvendarmos as nossas mais profundas verdades e os nossos segredos mais bem guardados, ganha uma outra dimens\u00e3o onde a pr\u00f3pria exist\u00eancia n\u00e3o \u00e9 mais question\u00e1vel e a nossa presen\u00e7a hoje, aqui, agora, \u00e9 imprescind\u00edvel no nosso percurso para alcan\u00e7armos a nossa realiza\u00e7\u00e3o plena, que apenas atrav\u00e9s dos mais genu\u00ednos e aut\u00eanticos Sentimentos se pode consubstanciar.","og_url":"https:\/\/alvesdossantos.net\/produto\/fragmentos-do-quotidiano\/","og_site_name":"Alves dos Santos","article_publisher":"https:\/\/www.facebook.com\/PoesiaDoQuotidiano\/","article_modified_time":"2022-02-23T15:27:03+00:00","og_image":[{"width":350,"height":540,"url":"https:\/\/alvesdossantos.net\/wp-content\/uploads\/2020\/04\/livros_escritoralvesdossantos_5.jpg","type":"image\/jpeg"}],"twitter_card":"summary_large_image","schema":{"@context":"https:\/\/schema.org","@graph":[{"@type":"WebSite","@id":"https:\/\/alvesdossantos.net\/#website","url":"https:\/\/alvesdossantos.net\/","name":"Alves dos Santos","description":"Escritor","potentialAction":[{"@type":"SearchAction","target":{"@type":"EntryPoint","urlTemplate":"https:\/\/alvesdossantos.net\/?s={search_term_string}"},"query-input":"required name=search_term_string"}],"inLanguage":"it-IT"},{"@type":"ImageObject","@id":"https:\/\/alvesdossantos.net\/produto\/fragmentos-do-quotidiano\/#primaryimage","inLanguage":"it-IT","url":"https:\/\/alvesdossantos.net\/wp-content\/uploads\/2020\/04\/livros_escritoralvesdossantos_5.jpg","contentUrl":"https:\/\/alvesdossantos.net\/wp-content\/uploads\/2020\/04\/livros_escritoralvesdossantos_5.jpg","width":350,"height":540},{"@type":"WebPage","@id":"https:\/\/alvesdossantos.net\/produto\/fragmentos-do-quotidiano\/#webpage","url":"https:\/\/alvesdossantos.net\/produto\/fragmentos-do-quotidiano\/","name":"Fragmentos do Quotidiano - Alves dos Santos","isPartOf":{"@id":"https:\/\/alvesdossantos.net\/#website"},"primaryImageOfPage":{"@id":"https:\/\/alvesdossantos.net\/produto\/fragmentos-do-quotidiano\/#primaryimage"},"datePublished":"2020-04-01T11:12:17+00:00","dateModified":"2022-02-23T15:27:03+00:00","breadcrumb":{"@id":"https:\/\/alvesdossantos.net\/produto\/fragmentos-do-quotidiano\/#breadcrumb"},"inLanguage":"it-IT","potentialAction":[{"@type":"ReadAction","target":["https:\/\/alvesdossantos.net\/produto\/fragmentos-do-quotidiano\/"]}]},{"@type":"BreadcrumbList","@id":"https:\/\/alvesdossantos.net\/produto\/fragmentos-do-quotidiano\/#breadcrumb","itemListElement":[{"@type":"ListItem","position":1,"name":"In\u00edcio","item":"https:\/\/alvesdossantos.net\/"},{"@type":"ListItem","position":2,"name":"Negozio","item":"https:\/\/alvesdossantos.net\/it\/negozio\/"},{"@type":"ListItem","position":3,"name":"Fragmentos do Quotidiano"}]}]}},"_links":{"self":[{"href":"https:\/\/alvesdossantos.net\/it\/wp-json\/wp\/v2\/product\/292"}],"collection":[{"href":"https:\/\/alvesdossantos.net\/it\/wp-json\/wp\/v2\/product"}],"about":[{"href":"https:\/\/alvesdossantos.net\/it\/wp-json\/wp\/v2\/types\/product"}],"replies":[{"embeddable":true,"href":"https:\/\/alvesdossantos.net\/it\/wp-json\/wp\/v2\/comments?post=292"}],"wp:featuredmedia":[{"embeddable":true,"href":"https:\/\/alvesdossantos.net\/it\/wp-json\/wp\/v2\/media\/293"}],"wp:attachment":[{"href":"https:\/\/alvesdossantos.net\/it\/wp-json\/wp\/v2\/media?parent=292"}],"curies":[{"name":"wp","href":"https:\/\/api.w.org\/{rel}","templated":true}]}}