{"id":673,"date":"2020-06-19T08:56:20","date_gmt":"2020-06-19T08:56:20","guid":{"rendered":"http:\/\/alvesdossantos.net\/?post_type=product&#038;p=673"},"modified":"2022-02-23T15:27:02","modified_gmt":"2022-02-23T15:27:02","slug":"poemas-de-amor-e-outros-labirintos","status":"publish","type":"product","link":"https:\/\/alvesdossantos.net\/es\/produto\/poemas-de-amor-e-outros-labirintos\/","title":{"rendered":"Poemas de Amor e Outros Labirintos"},"content":{"rendered":"","protected":false},"excerpt":{"rendered":"<p>Alves dos Santos \u00e9 um viajante da alma, um bravo explorador dos enredos humanos e ardente conquistador dos terrenos desconhecidos. Nas suas palavras encontramos a beleza de um \u00e2mago em efervesc\u00eancia, uma mescla de ar puro com aromas vulc\u00e2nicos, mas sobretudo o retrato de um homem que vive em conluio com a descoberta, com a verdade e acima de tudo com a vida.\u201d, Trist\u00e3o de Andrade.<\/p>\n","protected":false},"featured_media":289,"comment_status":"closed","ping_status":"closed","template":"","meta":[],"yoast_head":"<!-- This site is optimized with the Yoast SEO plugin v17.8 - https:\/\/yoast.com\/wordpress\/plugins\/seo\/ -->\n<title>Poemas de Amor e Outros Labirintos - Alves dos Santos<\/title>\n<meta name=\"robots\" content=\"index, follow, max-snippet:-1, max-image-preview:large, max-video-preview:-1\" \/>\n<link rel=\"canonical\" href=\"https:\/\/alvesdossantos.net\/produto\/poemas-de-amor-e-outros-labirintos\/\" \/>\n<meta property=\"og:locale\" content=\"es_ES\" \/>\n<meta property=\"og:type\" content=\"article\" \/>\n<meta property=\"og:title\" content=\"Poemas de Amor e Outros Labirintos - Alves dos Santos\" \/>\n<meta property=\"og:description\" content=\"Alves dos Santos \u00e9 um viajante da alma, um bravo explorador dos enredos humanos e ardente conquistador dos terrenos desconhecidos. Nas suas palavras encontramos a beleza de um \u00e2mago em efervesc\u00eancia, uma mescla de ar puro com aromas vulc\u00e2nicos, mas sobretudo o retrato de um homem que vive em conluio com a descoberta, com a verdade e acima de tudo com a vida.\u201d, Trist\u00e3o de Andrade.\" \/>\n<meta property=\"og:url\" content=\"https:\/\/alvesdossantos.net\/produto\/poemas-de-amor-e-outros-labirintos\/\" \/>\n<meta property=\"og:site_name\" content=\"Alves dos Santos\" \/>\n<meta property=\"article:publisher\" content=\"https:\/\/www.facebook.com\/PoesiaDoQuotidiano\/\" \/>\n<meta property=\"article:modified_time\" content=\"2022-02-23T15:27:02+00:00\" \/>\n<meta property=\"og:image\" content=\"https:\/\/alvesdossantos.net\/wp-content\/uploads\/2020\/04\/livros_escritoralvesdossantos.jpg\" \/>\n\t<meta property=\"og:image:width\" content=\"350\" \/>\n\t<meta property=\"og:image:height\" content=\"540\" \/>\n<meta name=\"twitter:card\" content=\"summary_large_image\" \/>\n<script type=\"application\/ld+json\" class=\"yoast-schema-graph\">{\"@context\":\"https:\/\/schema.org\",\"@graph\":[{\"@type\":\"WebSite\",\"@id\":\"https:\/\/alvesdossantos.net\/#website\",\"url\":\"https:\/\/alvesdossantos.net\/\",\"name\":\"Alves dos Santos\",\"description\":\"Escritor\",\"potentialAction\":[{\"@type\":\"SearchAction\",\"target\":{\"@type\":\"EntryPoint\",\"urlTemplate\":\"https:\/\/alvesdossantos.net\/?s={search_term_string}\"},\"query-input\":\"required name=search_term_string\"}],\"inLanguage\":\"es\"},{\"@type\":\"ImageObject\",\"@id\":\"https:\/\/alvesdossantos.net\/produto\/poemas-de-amor-e-outros-labirintos\/#primaryimage\",\"inLanguage\":\"es\",\"url\":\"https:\/\/alvesdossantos.net\/wp-content\/uploads\/2020\/04\/livros_escritoralvesdossantos.jpg\",\"contentUrl\":\"https:\/\/alvesdossantos.net\/wp-content\/uploads\/2020\/04\/livros_escritoralvesdossantos.jpg\",\"width\":350,\"height\":540},{\"@type\":\"WebPage\",\"@id\":\"https:\/\/alvesdossantos.net\/produto\/poemas-de-amor-e-outros-labirintos\/#webpage\",\"url\":\"https:\/\/alvesdossantos.net\/produto\/poemas-de-amor-e-outros-labirintos\/\",\"name\":\"Poemas de Amor e Outros Labirintos - Alves dos Santos\",\"isPartOf\":{\"@id\":\"https:\/\/alvesdossantos.net\/#website\"},\"primaryImageOfPage\":{\"@id\":\"https:\/\/alvesdossantos.net\/produto\/poemas-de-amor-e-outros-labirintos\/#primaryimage\"},\"datePublished\":\"2020-06-19T08:56:20+00:00\",\"dateModified\":\"2022-02-23T15:27:02+00:00\",\"breadcrumb\":{\"@id\":\"https:\/\/alvesdossantos.net\/produto\/poemas-de-amor-e-outros-labirintos\/#breadcrumb\"},\"inLanguage\":\"es\",\"potentialAction\":[{\"@type\":\"ReadAction\",\"target\":[\"https:\/\/alvesdossantos.net\/produto\/poemas-de-amor-e-outros-labirintos\/\"]}]},{\"@type\":\"BreadcrumbList\",\"@id\":\"https:\/\/alvesdossantos.net\/produto\/poemas-de-amor-e-outros-labirintos\/#breadcrumb\",\"itemListElement\":[{\"@type\":\"ListItem\",\"position\":1,\"name\":\"In\\u00edcio\",\"item\":\"https:\/\/alvesdossantos.net\/\"},{\"@type\":\"ListItem\",\"position\":2,\"name\":\"Tienda\",\"item\":\"https:\/\/alvesdossantos.net\/es\/tienda\/\"},{\"@type\":\"ListItem\",\"position\":3,\"name\":\"Poemas de Amor e Outros Labirintos\"}]}]}<\/script>\n<!-- \/ Yoast SEO plugin. -->","yoast_head_json":{"title":"Poemas de Amor e Outros Labirintos - Alves dos Santos","robots":{"index":"index","follow":"follow","max-snippet":"max-snippet:-1","max-image-preview":"max-image-preview:large","max-video-preview":"max-video-preview:-1"},"canonical":"https:\/\/alvesdossantos.net\/produto\/poemas-de-amor-e-outros-labirintos\/","og_locale":"es_ES","og_type":"article","og_title":"Poemas de Amor e Outros Labirintos - Alves dos Santos","og_description":"Alves dos Santos \u00e9 um viajante da alma, um bravo explorador dos enredos humanos e ardente conquistador dos terrenos desconhecidos. Nas suas palavras encontramos a beleza de um \u00e2mago em efervesc\u00eancia, uma mescla de ar puro com aromas vulc\u00e2nicos, mas sobretudo o retrato de um homem que vive em conluio com a descoberta, com a verdade e acima de tudo com a vida.\u201d, Trist\u00e3o de Andrade.","og_url":"https:\/\/alvesdossantos.net\/produto\/poemas-de-amor-e-outros-labirintos\/","og_site_name":"Alves dos Santos","article_publisher":"https:\/\/www.facebook.com\/PoesiaDoQuotidiano\/","article_modified_time":"2022-02-23T15:27:02+00:00","og_image":[{"width":350,"height":540,"url":"https:\/\/alvesdossantos.net\/wp-content\/uploads\/2020\/04\/livros_escritoralvesdossantos.jpg","type":"image\/jpeg"}],"twitter_card":"summary_large_image","schema":{"@context":"https:\/\/schema.org","@graph":[{"@type":"WebSite","@id":"https:\/\/alvesdossantos.net\/#website","url":"https:\/\/alvesdossantos.net\/","name":"Alves dos Santos","description":"Escritor","potentialAction":[{"@type":"SearchAction","target":{"@type":"EntryPoint","urlTemplate":"https:\/\/alvesdossantos.net\/?s={search_term_string}"},"query-input":"required name=search_term_string"}],"inLanguage":"es"},{"@type":"ImageObject","@id":"https:\/\/alvesdossantos.net\/produto\/poemas-de-amor-e-outros-labirintos\/#primaryimage","inLanguage":"es","url":"https:\/\/alvesdossantos.net\/wp-content\/uploads\/2020\/04\/livros_escritoralvesdossantos.jpg","contentUrl":"https:\/\/alvesdossantos.net\/wp-content\/uploads\/2020\/04\/livros_escritoralvesdossantos.jpg","width":350,"height":540},{"@type":"WebPage","@id":"https:\/\/alvesdossantos.net\/produto\/poemas-de-amor-e-outros-labirintos\/#webpage","url":"https:\/\/alvesdossantos.net\/produto\/poemas-de-amor-e-outros-labirintos\/","name":"Poemas de Amor e Outros Labirintos - Alves dos Santos","isPartOf":{"@id":"https:\/\/alvesdossantos.net\/#website"},"primaryImageOfPage":{"@id":"https:\/\/alvesdossantos.net\/produto\/poemas-de-amor-e-outros-labirintos\/#primaryimage"},"datePublished":"2020-06-19T08:56:20+00:00","dateModified":"2022-02-23T15:27:02+00:00","breadcrumb":{"@id":"https:\/\/alvesdossantos.net\/produto\/poemas-de-amor-e-outros-labirintos\/#breadcrumb"},"inLanguage":"es","potentialAction":[{"@type":"ReadAction","target":["https:\/\/alvesdossantos.net\/produto\/poemas-de-amor-e-outros-labirintos\/"]}]},{"@type":"BreadcrumbList","@id":"https:\/\/alvesdossantos.net\/produto\/poemas-de-amor-e-outros-labirintos\/#breadcrumb","itemListElement":[{"@type":"ListItem","position":1,"name":"In\u00edcio","item":"https:\/\/alvesdossantos.net\/"},{"@type":"ListItem","position":2,"name":"Tienda","item":"https:\/\/alvesdossantos.net\/es\/tienda\/"},{"@type":"ListItem","position":3,"name":"Poemas de Amor e Outros Labirintos"}]}]}},"_links":{"self":[{"href":"https:\/\/alvesdossantos.net\/es\/wp-json\/wp\/v2\/product\/673"}],"collection":[{"href":"https:\/\/alvesdossantos.net\/es\/wp-json\/wp\/v2\/product"}],"about":[{"href":"https:\/\/alvesdossantos.net\/es\/wp-json\/wp\/v2\/types\/product"}],"replies":[{"embeddable":true,"href":"https:\/\/alvesdossantos.net\/es\/wp-json\/wp\/v2\/comments?post=673"}],"wp:featuredmedia":[{"embeddable":true,"href":"https:\/\/alvesdossantos.net\/es\/wp-json\/wp\/v2\/media\/289"}],"wp:attachment":[{"href":"https:\/\/alvesdossantos.net\/es\/wp-json\/wp\/v2\/media?parent=673"}],"curies":[{"name":"wp","href":"https:\/\/api.w.org\/{rel}","templated":true}]}}