{"id":288,"date":"2020-04-01T11:10:56","date_gmt":"2020-04-01T11:10:56","guid":{"rendered":"http:\/\/alvesdossantos.net\/?post_type=product&#038;p=288"},"modified":"2022-02-23T15:27:03","modified_gmt":"2022-02-23T15:27:03","slug":"o-livro-de-todos-os-pecados","status":"publish","type":"product","link":"https:\/\/alvesdossantos.net\/es\/produto\/o-livro-de-todos-os-pecados\/","title":{"rendered":"O Livro de Todos os Pecados"},"content":{"rendered":"","protected":false},"excerpt":{"rendered":"<p>A hist\u00f3ria do pecado est\u00e1 indissociavelmente ligada \u00e0 hist\u00f3ria da pr\u00f3pria humanidade e revela-se, de uma forma ou de outra, nos textos sagrados de todas as principais religi\u00f5es. A doutrina crist\u00e3, por exemplo, \u00e9 particularmente extrema e afirma, na sua conce\u00e7\u00e3o do pecado original, que na sua g\u00e9nese o homem \u00e9 pecado.<\/p>\n","protected":false},"featured_media":624,"comment_status":"closed","ping_status":"closed","template":"","meta":[],"yoast_head":"<!-- This site is optimized with the Yoast SEO plugin v17.8 - https:\/\/yoast.com\/wordpress\/plugins\/seo\/ -->\n<title>O Livro de Todos os Pecados - Alves dos Santos<\/title>\n<meta name=\"robots\" content=\"index, follow, max-snippet:-1, max-image-preview:large, max-video-preview:-1\" \/>\n<link rel=\"canonical\" href=\"https:\/\/alvesdossantos.net\/produto\/o-livro-de-todos-os-pecados\/\" \/>\n<meta property=\"og:locale\" content=\"es_ES\" \/>\n<meta property=\"og:type\" content=\"article\" \/>\n<meta property=\"og:title\" content=\"O Livro de Todos os Pecados - Alves dos Santos\" \/>\n<meta property=\"og:description\" content=\"A hist\u00f3ria do pecado est\u00e1 indissociavelmente ligada \u00e0 hist\u00f3ria da pr\u00f3pria humanidade e revela-se, de uma forma ou de outra, nos textos sagrados de todas as principais religi\u00f5es. A doutrina crist\u00e3, por exemplo, \u00e9 particularmente extrema e afirma, na sua conce\u00e7\u00e3o do pecado original, que na sua g\u00e9nese o homem \u00e9 pecado.\" \/>\n<meta property=\"og:url\" content=\"https:\/\/alvesdossantos.net\/produto\/o-livro-de-todos-os-pecados\/\" \/>\n<meta property=\"og:site_name\" content=\"Alves dos Santos\" \/>\n<meta property=\"article:publisher\" content=\"https:\/\/www.facebook.com\/PoesiaDoQuotidiano\/\" \/>\n<meta property=\"article:modified_time\" content=\"2022-02-23T15:27:03+00:00\" \/>\n<meta property=\"og:image\" content=\"https:\/\/alvesdossantos.net\/wp-content\/uploads\/2020\/04\/livros_escritoralvesdossantos_3.jpg\" \/>\n\t<meta property=\"og:image:width\" content=\"350\" \/>\n\t<meta property=\"og:image:height\" content=\"540\" \/>\n<meta name=\"twitter:card\" content=\"summary_large_image\" \/>\n<script type=\"application\/ld+json\" class=\"yoast-schema-graph\">{\"@context\":\"https:\/\/schema.org\",\"@graph\":[{\"@type\":\"WebSite\",\"@id\":\"https:\/\/alvesdossantos.net\/#website\",\"url\":\"https:\/\/alvesdossantos.net\/\",\"name\":\"Alves dos Santos\",\"description\":\"Escritor\",\"potentialAction\":[{\"@type\":\"SearchAction\",\"target\":{\"@type\":\"EntryPoint\",\"urlTemplate\":\"https:\/\/alvesdossantos.net\/?s={search_term_string}\"},\"query-input\":\"required name=search_term_string\"}],\"inLanguage\":\"es\"},{\"@type\":\"ImageObject\",\"@id\":\"https:\/\/alvesdossantos.net\/produto\/o-livro-de-todos-os-pecados\/#primaryimage\",\"inLanguage\":\"es\",\"url\":\"https:\/\/alvesdossantos.net\/wp-content\/uploads\/2020\/04\/livros_escritoralvesdossantos_3.jpg\",\"contentUrl\":\"https:\/\/alvesdossantos.net\/wp-content\/uploads\/2020\/04\/livros_escritoralvesdossantos_3.jpg\",\"width\":350,\"height\":540},{\"@type\":\"WebPage\",\"@id\":\"https:\/\/alvesdossantos.net\/produto\/o-livro-de-todos-os-pecados\/#webpage\",\"url\":\"https:\/\/alvesdossantos.net\/produto\/o-livro-de-todos-os-pecados\/\",\"name\":\"O Livro de Todos os Pecados - Alves dos Santos\",\"isPartOf\":{\"@id\":\"https:\/\/alvesdossantos.net\/#website\"},\"primaryImageOfPage\":{\"@id\":\"https:\/\/alvesdossantos.net\/produto\/o-livro-de-todos-os-pecados\/#primaryimage\"},\"datePublished\":\"2020-04-01T11:10:56+00:00\",\"dateModified\":\"2022-02-23T15:27:03+00:00\",\"breadcrumb\":{\"@id\":\"https:\/\/alvesdossantos.net\/produto\/o-livro-de-todos-os-pecados\/#breadcrumb\"},\"inLanguage\":\"es\",\"potentialAction\":[{\"@type\":\"ReadAction\",\"target\":[\"https:\/\/alvesdossantos.net\/produto\/o-livro-de-todos-os-pecados\/\"]}]},{\"@type\":\"BreadcrumbList\",\"@id\":\"https:\/\/alvesdossantos.net\/produto\/o-livro-de-todos-os-pecados\/#breadcrumb\",\"itemListElement\":[{\"@type\":\"ListItem\",\"position\":1,\"name\":\"In\\u00edcio\",\"item\":\"https:\/\/alvesdossantos.net\/\"},{\"@type\":\"ListItem\",\"position\":2,\"name\":\"Tienda\",\"item\":\"https:\/\/alvesdossantos.net\/es\/tienda\/\"},{\"@type\":\"ListItem\",\"position\":3,\"name\":\"O Livro de Todos os Pecados\"}]}]}<\/script>\n<!-- \/ Yoast SEO plugin. -->","yoast_head_json":{"title":"O Livro de Todos os Pecados - Alves dos Santos","robots":{"index":"index","follow":"follow","max-snippet":"max-snippet:-1","max-image-preview":"max-image-preview:large","max-video-preview":"max-video-preview:-1"},"canonical":"https:\/\/alvesdossantos.net\/produto\/o-livro-de-todos-os-pecados\/","og_locale":"es_ES","og_type":"article","og_title":"O Livro de Todos os Pecados - Alves dos Santos","og_description":"A hist\u00f3ria do pecado est\u00e1 indissociavelmente ligada \u00e0 hist\u00f3ria da pr\u00f3pria humanidade e revela-se, de uma forma ou de outra, nos textos sagrados de todas as principais religi\u00f5es. A doutrina crist\u00e3, por exemplo, \u00e9 particularmente extrema e afirma, na sua conce\u00e7\u00e3o do pecado original, que na sua g\u00e9nese o homem \u00e9 pecado.","og_url":"https:\/\/alvesdossantos.net\/produto\/o-livro-de-todos-os-pecados\/","og_site_name":"Alves dos Santos","article_publisher":"https:\/\/www.facebook.com\/PoesiaDoQuotidiano\/","article_modified_time":"2022-02-23T15:27:03+00:00","og_image":[{"width":350,"height":540,"url":"https:\/\/alvesdossantos.net\/wp-content\/uploads\/2020\/04\/livros_escritoralvesdossantos_3.jpg","type":"image\/jpeg"}],"twitter_card":"summary_large_image","schema":{"@context":"https:\/\/schema.org","@graph":[{"@type":"WebSite","@id":"https:\/\/alvesdossantos.net\/#website","url":"https:\/\/alvesdossantos.net\/","name":"Alves dos Santos","description":"Escritor","potentialAction":[{"@type":"SearchAction","target":{"@type":"EntryPoint","urlTemplate":"https:\/\/alvesdossantos.net\/?s={search_term_string}"},"query-input":"required name=search_term_string"}],"inLanguage":"es"},{"@type":"ImageObject","@id":"https:\/\/alvesdossantos.net\/produto\/o-livro-de-todos-os-pecados\/#primaryimage","inLanguage":"es","url":"https:\/\/alvesdossantos.net\/wp-content\/uploads\/2020\/04\/livros_escritoralvesdossantos_3.jpg","contentUrl":"https:\/\/alvesdossantos.net\/wp-content\/uploads\/2020\/04\/livros_escritoralvesdossantos_3.jpg","width":350,"height":540},{"@type":"WebPage","@id":"https:\/\/alvesdossantos.net\/produto\/o-livro-de-todos-os-pecados\/#webpage","url":"https:\/\/alvesdossantos.net\/produto\/o-livro-de-todos-os-pecados\/","name":"O Livro de Todos os Pecados - Alves dos Santos","isPartOf":{"@id":"https:\/\/alvesdossantos.net\/#website"},"primaryImageOfPage":{"@id":"https:\/\/alvesdossantos.net\/produto\/o-livro-de-todos-os-pecados\/#primaryimage"},"datePublished":"2020-04-01T11:10:56+00:00","dateModified":"2022-02-23T15:27:03+00:00","breadcrumb":{"@id":"https:\/\/alvesdossantos.net\/produto\/o-livro-de-todos-os-pecados\/#breadcrumb"},"inLanguage":"es","potentialAction":[{"@type":"ReadAction","target":["https:\/\/alvesdossantos.net\/produto\/o-livro-de-todos-os-pecados\/"]}]},{"@type":"BreadcrumbList","@id":"https:\/\/alvesdossantos.net\/produto\/o-livro-de-todos-os-pecados\/#breadcrumb","itemListElement":[{"@type":"ListItem","position":1,"name":"In\u00edcio","item":"https:\/\/alvesdossantos.net\/"},{"@type":"ListItem","position":2,"name":"Tienda","item":"https:\/\/alvesdossantos.net\/es\/tienda\/"},{"@type":"ListItem","position":3,"name":"O Livro de Todos os Pecados"}]}]}},"_links":{"self":[{"href":"https:\/\/alvesdossantos.net\/es\/wp-json\/wp\/v2\/product\/288"}],"collection":[{"href":"https:\/\/alvesdossantos.net\/es\/wp-json\/wp\/v2\/product"}],"about":[{"href":"https:\/\/alvesdossantos.net\/es\/wp-json\/wp\/v2\/types\/product"}],"replies":[{"embeddable":true,"href":"https:\/\/alvesdossantos.net\/es\/wp-json\/wp\/v2\/comments?post=288"}],"wp:featuredmedia":[{"embeddable":true,"href":"https:\/\/alvesdossantos.net\/es\/wp-json\/wp\/v2\/media\/624"}],"wp:attachment":[{"href":"https:\/\/alvesdossantos.net\/es\/wp-json\/wp\/v2\/media?parent=288"}],"curies":[{"name":"wp","href":"https:\/\/api.w.org\/{rel}","templated":true}]}}