{"id":786,"date":"2019-02-10T16:01:12","date_gmt":"2019-02-10T16:01:12","guid":{"rendered":"https:\/\/alvesdossantos.net\/home\/"},"modified":"2023-04-12T15:19:53","modified_gmt":"2023-04-12T15:19:53","slug":"home","status":"publish","type":"page","link":"https:\/\/alvesdossantos.net\/en\/","title":{"rendered":"Home"},"content":{"rendered":"<div id=\"cs-content\" class=\"cs-content\" >\n<div class=\"e786-1 x-section x-force-full-width x-padded banner-home\" >\n      \n<div class=\"e786-2 x-row container-row\" >\n  <div class=\"x-row-inner\">\n    \n<div class=\"e786-3 x-col\" >\n    \n<hr class=\"e786-4 x-line  x-hide-md x-hide-sm x-hide-xs\" >\n\n<div class=\"e786-5 x-text x-text-headline\" >\n  <div class=\"x-text-content\"><div class=\"x-text-content-text\"><h1 class=\"x-text-content-text-primary\">Alves dos Santos<\/h1><span class=\"x-text-content-text-subheadline\">Writer<\/span><\/div><\/div><\/div>\n\n<div class=\"e786-6 x-text\" >\n  <p>A writer that, both in his Poetry and his Fiction, is capable of erupting courageously into the human spirit and drag out its hidden truths, its doubts and its fears.<\/p><\/div>\n<hr  class=\"x-gap\" style=\"margin: 30px 0 0 0;\"><a  class=\"x-btn x-btn-transparent x-btn-small\"  href=\"en\/books\"     data-options=\"thumbnail: ''\">Published Books<\/a>\n<div class=\"e786-9 x-text\" >\n  <a href=\"https:\/\/www.facebook.com\/PoesiaDoQuotidiano\/\" target=\"_blank\"><i  class=\"x-icon x-icon-facebook\" data-x-icon-b=\"&#xf09a;\" aria-hidden=\"true\"><\/i><\/a><a href=\"https:\/\/www.instagram.com\/alves_dos_santos_escritor\/\" target=\"_blank\"><i  class=\"x-icon x-icon-instagram\" data-x-icon-b=\"&#xf16d;\" aria-hidden=\"true\"><\/i><\/a><\/div>\n\n<hr class=\"e786-10 x-line  x-hide-lg x-hide-xl\" >\n<\/div>\n\n<div class=\"e786-11 x-col\" >\n    \n<span class=\"e786-12 x-image  x-hide-lg x-hide-xl\" >\n  <img alt=\"Image\" src=\"https:\/\/alvesdossantos.net\/wp-content\/uploads\/2023\/04\/RKEXBUD61.png\" width=\"985\" height=\"394\" >\n<\/span>\n<\/div>\n  <\/div>\n  <\/div>\n  <\/div>\n<\/div>\n","protected":false},"excerpt":{"rendered":"","protected":false},"author":1,"featured_media":0,"parent":0,"menu_order":0,"comment_status":"closed","ping_status":"closed","template":"template-blank-4.php","meta":[],"yoast_head":"<!-- This site is optimized with the Yoast SEO plugin v17.8 - https:\/\/yoast.com\/wordpress\/plugins\/seo\/ -->\n<title>Escritor Alves dos Santos<\/title>\n<meta name=\"description\" content=\"Um escritor que, tanto na sua Poesia como na sua Prosa, \u00e9 capaz de irromper corajosamente pelo esp\u00edrito humano adentro e arrancar dessas mais profundas entranhas as verdades escondidas, as d\u00favidas e os medos.\" \/>\n<meta name=\"robots\" content=\"index, follow, max-snippet:-1, max-image-preview:large, max-video-preview:-1\" \/>\n<link rel=\"canonical\" href=\"https:\/\/alvesdossantos.net\/en\/\" \/>\n<meta property=\"og:locale\" content=\"en_US\" \/>\n<meta property=\"og:type\" content=\"article\" \/>\n<meta property=\"og:title\" content=\"Escritor Alves dos Santos\" \/>\n<meta property=\"og:description\" content=\"Um escritor que, tanto na sua Poesia como na sua Prosa, \u00e9 capaz de irromper corajosamente pelo esp\u00edrito humano adentro e arrancar dessas mais profundas entranhas as verdades escondidas, as d\u00favidas e os medos.\" \/>\n<meta property=\"og:url\" content=\"https:\/\/alvesdossantos.net\/en\/\" \/>\n<meta property=\"og:site_name\" content=\"Alves dos Santos\" \/>\n<meta property=\"article:publisher\" content=\"https:\/\/www.facebook.com\/PoesiaDoQuotidiano\/\" \/>\n<meta property=\"article:modified_time\" content=\"2023-04-12T15:19:53+00:00\" \/>\n<meta name=\"twitter:card\" content=\"summary_large_image\" \/>\n<script type=\"application\/ld+json\" class=\"yoast-schema-graph\">{\"@context\":\"https:\/\/schema.org\",\"@graph\":[{\"@type\":\"WebSite\",\"@id\":\"https:\/\/alvesdossantos.net\/#website\",\"url\":\"https:\/\/alvesdossantos.net\/\",\"name\":\"Alves dos Santos\",\"description\":\"Escritor\",\"potentialAction\":[{\"@type\":\"SearchAction\",\"target\":{\"@type\":\"EntryPoint\",\"urlTemplate\":\"https:\/\/alvesdossantos.net\/?s={search_term_string}\"},\"query-input\":\"required name=search_term_string\"}],\"inLanguage\":\"en-US\"},{\"@type\":\"WebPage\",\"@id\":\"https:\/\/alvesdossantos.net\/en\/#webpage\",\"url\":\"https:\/\/alvesdossantos.net\/en\/\",\"name\":\"Escritor Alves dos Santos\",\"isPartOf\":{\"@id\":\"https:\/\/alvesdossantos.net\/#website\"},\"datePublished\":\"2019-02-10T16:01:12+00:00\",\"dateModified\":\"2023-04-12T15:19:53+00:00\",\"description\":\"Um escritor que, tanto na sua Poesia como na sua Prosa, \\u00e9 capaz de irromper corajosamente pelo esp\\u00edrito humano adentro e arrancar dessas mais profundas entranhas as verdades escondidas, as d\\u00favidas e os medos.\",\"breadcrumb\":{\"@id\":\"https:\/\/alvesdossantos.net\/en\/#breadcrumb\"},\"inLanguage\":\"en-US\",\"potentialAction\":[{\"@type\":\"ReadAction\",\"target\":[\"https:\/\/alvesdossantos.net\/en\/\"]}]},{\"@type\":\"BreadcrumbList\",\"@id\":\"https:\/\/alvesdossantos.net\/en\/#breadcrumb\",\"itemListElement\":[{\"@type\":\"ListItem\",\"position\":1,\"name\":\"In\\u00edcio\",\"item\":\"https:\/\/alvesdossantos.net\/en\/\"},{\"@type\":\"ListItem\",\"position\":2,\"name\":\"Home\"}]}]}<\/script>\n<!-- \/ Yoast SEO plugin. -->","yoast_head_json":{"title":"Escritor Alves dos Santos","description":"Um escritor que, tanto na sua Poesia como na sua Prosa, \u00e9 capaz de irromper corajosamente pelo esp\u00edrito humano adentro e arrancar dessas mais profundas entranhas as verdades escondidas, as d\u00favidas e os medos.","robots":{"index":"index","follow":"follow","max-snippet":"max-snippet:-1","max-image-preview":"max-image-preview:large","max-video-preview":"max-video-preview:-1"},"canonical":"https:\/\/alvesdossantos.net\/en\/","og_locale":"en_US","og_type":"article","og_title":"Escritor Alves dos Santos","og_description":"Um escritor que, tanto na sua Poesia como na sua Prosa, \u00e9 capaz de irromper corajosamente pelo esp\u00edrito humano adentro e arrancar dessas mais profundas entranhas as verdades escondidas, as d\u00favidas e os medos.","og_url":"https:\/\/alvesdossantos.net\/en\/","og_site_name":"Alves dos Santos","article_publisher":"https:\/\/www.facebook.com\/PoesiaDoQuotidiano\/","article_modified_time":"2023-04-12T15:19:53+00:00","twitter_card":"summary_large_image","schema":{"@context":"https:\/\/schema.org","@graph":[{"@type":"WebSite","@id":"https:\/\/alvesdossantos.net\/#website","url":"https:\/\/alvesdossantos.net\/","name":"Alves dos Santos","description":"Escritor","potentialAction":[{"@type":"SearchAction","target":{"@type":"EntryPoint","urlTemplate":"https:\/\/alvesdossantos.net\/?s={search_term_string}"},"query-input":"required name=search_term_string"}],"inLanguage":"en-US"},{"@type":"WebPage","@id":"https:\/\/alvesdossantos.net\/en\/#webpage","url":"https:\/\/alvesdossantos.net\/en\/","name":"Escritor Alves dos Santos","isPartOf":{"@id":"https:\/\/alvesdossantos.net\/#website"},"datePublished":"2019-02-10T16:01:12+00:00","dateModified":"2023-04-12T15:19:53+00:00","description":"Um escritor que, tanto na sua Poesia como na sua Prosa, \u00e9 capaz de irromper corajosamente pelo esp\u00edrito humano adentro e arrancar dessas mais profundas entranhas as verdades escondidas, as d\u00favidas e os medos.","breadcrumb":{"@id":"https:\/\/alvesdossantos.net\/en\/#breadcrumb"},"inLanguage":"en-US","potentialAction":[{"@type":"ReadAction","target":["https:\/\/alvesdossantos.net\/en\/"]}]},{"@type":"BreadcrumbList","@id":"https:\/\/alvesdossantos.net\/en\/#breadcrumb","itemListElement":[{"@type":"ListItem","position":1,"name":"In\u00edcio","item":"https:\/\/alvesdossantos.net\/en\/"},{"@type":"ListItem","position":2,"name":"Home"}]}]}},"_links":{"self":[{"href":"https:\/\/alvesdossantos.net\/en\/wp-json\/wp\/v2\/pages\/786"}],"collection":[{"href":"https:\/\/alvesdossantos.net\/en\/wp-json\/wp\/v2\/pages"}],"about":[{"href":"https:\/\/alvesdossantos.net\/en\/wp-json\/wp\/v2\/types\/page"}],"author":[{"embeddable":true,"href":"https:\/\/alvesdossantos.net\/en\/wp-json\/wp\/v2\/users\/1"}],"replies":[{"embeddable":true,"href":"https:\/\/alvesdossantos.net\/en\/wp-json\/wp\/v2\/comments?post=786"}],"version-history":[{"count":17,"href":"https:\/\/alvesdossantos.net\/en\/wp-json\/wp\/v2\/pages\/786\/revisions"}],"predecessor-version":[{"id":888,"href":"https:\/\/alvesdossantos.net\/en\/wp-json\/wp\/v2\/pages\/786\/revisions\/888"}],"wp:attachment":[{"href":"https:\/\/alvesdossantos.net\/en\/wp-json\/wp\/v2\/media?parent=786"}],"curies":[{"name":"wp","href":"https:\/\/api.w.org\/{rel}","templated":true}]}}